{"id":9,"date":"2025-02-08T22:29:22","date_gmt":"2025-02-08T22:29:22","guid":{"rendered":"https:\/\/beiraom.coviseu-natura.pt\/2025\/?page_id=9"},"modified":"2026-02-11T22:25:09","modified_gmt":"2026-02-11T22:25:09","slug":"apresentacao","status":"publish","type":"page","link":"https:\/\/beiraom.coviseu-natura.pt\/2026\/apresentacao\/","title":{"rendered":"Apresenta\u00e7\u00e3o"},"content":{"rendered":"\n<p>As terras da Beira Alta ir\u00e3o receber mais um grande evento de orienta\u00e7\u00e3o pedestre. Com organiza\u00e7\u00e3o do&nbsp;<strong>Clube de Orienta\u00e7\u00e3o de Viseu<\/strong>,&nbsp;<strong>C\u00e2mara Municipal do S\u00e1t\u00e3o<\/strong>,&nbsp;<strong>Federa\u00e7\u00e3o Portuguesa de Orienta\u00e7\u00e3o e Federa\u00e7\u00e3o Internacional de Orienta\u00e7\u00e3o<\/strong>, de&nbsp;<strong>20 a 22 de fevereiro de 2026<\/strong>, o&nbsp;<strong>S\u00e1t\u00e3o&nbsp;<\/strong>receber\u00e1 o&nbsp;<strong>Beira Alta O\u2019Meeting \u2013 S\u00e1t\u00e3o WRE 2026 (BEIRAOM\u201926).<\/strong><\/p>\n\n\n\n<p>Um fim de semana de orienta\u00e7\u00e3o que contar\u00e1 com&nbsp;<strong>3 etapas&nbsp;<\/strong>(um <em>Warm-up Race<\/em> na sexta-feira para abrir o apetite \u2013 uma etapa j\u00e1 competitiva &#8211; e duas etapas dist\u00e2ncias m\u00e9dias), em que estas \u00faltimas duas pontuam para a&nbsp;<strong>Ta\u00e7a de Portugal<\/strong>&nbsp;e s\u00e3o&nbsp;<strong>World Ranking Event Candidates.<\/strong><\/p>\n\n\n\n<p>Os&nbsp;<strong>vencedores do&nbsp;BEIRAOM&nbsp;<\/strong>ser\u00e3o apurados atrav\u00e9s da&nbsp;<strong>soma de pontos das 2 dist\u00e2ncias m\u00e9dias<\/strong>.<\/p>\n\n\n\n<p>Esta \u00e9 a quarta vez que a&nbsp;<strong>Capital do M\u00edscaro&nbsp;<\/strong>recebe um evento mundial de orienta\u00e7\u00e3o (WRE), depois do<strong>&nbsp;Portugal O\u2019meeting 2012<\/strong>,&nbsp;<strong>Campeonatos Mediterr\u00e2nicos de Orienta\u00e7\u00e3o em 2014<\/strong>&nbsp; e o&nbsp;<strong>Meeting de Orienta\u00e7\u00e3o D\u00e3o Laf\u00f5es 2018<\/strong><strong>.<\/strong> Est\u00e3o garantidos mais uma vez&nbsp;<strong>excelentes terrenos&nbsp;<\/strong>para a pr\u00e1tica da modalidade, acompanhados por uma&nbsp;<strong>organiza\u00e7\u00e3o competente e respons\u00e1vel.&nbsp;<\/strong><\/p>\n\n\n\n<p>Em paralelo com a competi\u00e7\u00e3o, existir\u00e3o percursos abertos dispon\u00edveis para todos aqueles que pretendem conhecer a modalidade, ganharem mais experi\u00eancia ou simplesmente fazer um passeio diferente a s\u00f3s ou em grupo, com amigos ou fam\u00edlia.&nbsp;<\/p>\n\n\n\n<p>Qualquer d\u00favida n\u00e3o hesitem em contactar-nos atrav\u00e9s do <a href=\"mailto:inscricoes@beiraom.coviseu-natura.pt\">inscricoes@beiraom.coviseu-natura.pt<\/a><\/p>\n\n\n\n<p>Qualquer d\u00favida n\u00e3o hesitem em contactar-nos atrav\u00e9s do <a href=\"inscricoes@beiraom.coviseu-natura.pt\">e-<\/a><a href=\"mailto:inscricoes@beiraom.coviseu-natura.pt\">mail<\/a>.<\/p>\n\n\n\n<figure class=\"wp-block-image size-large is-resized\"><a href=\"http:\/\/beiraom.coviseu-natura.pt\/2026\/wp-content\/uploads\/sites\/2\/2026\/02\/BeiraOM2026.jpg\"><img loading=\"lazy\" decoding=\"async\" width=\"725\" height=\"1024\" src=\"http:\/\/beiraom.coviseu-natura.pt\/2026\/wp-content\/uploads\/sites\/2\/2026\/02\/BeiraOM2026-725x1024.jpg\" alt=\"\" class=\"wp-image-674\" style=\"width:539px;height:auto\" srcset=\"https:\/\/beiraom.coviseu-natura.pt\/2026\/wp-content\/uploads\/sites\/2\/2026\/02\/BeiraOM2026-725x1024.jpg 725w, https:\/\/beiraom.coviseu-natura.pt\/2026\/wp-content\/uploads\/sites\/2\/2026\/02\/BeiraOM2026-212x300.jpg 212w, https:\/\/beiraom.coviseu-natura.pt\/2026\/wp-content\/uploads\/sites\/2\/2026\/02\/BeiraOM2026-768x1085.jpg 768w, https:\/\/beiraom.coviseu-natura.pt\/2026\/wp-content\/uploads\/sites\/2\/2026\/02\/BeiraOM2026-1087x1536.jpg 1087w, https:\/\/beiraom.coviseu-natura.pt\/2026\/wp-content\/uploads\/sites\/2\/2026\/02\/BeiraOM2026-1449x2048.jpg 1449w, https:\/\/beiraom.coviseu-natura.pt\/2026\/wp-content\/uploads\/sites\/2\/2026\/02\/BeiraOM2026.jpg 1684w\" sizes=\"auto, (max-width: 725px) 100vw, 725px\" \/><\/a><\/figure>\n","protected":false},"excerpt":{"rendered":"<p>As terras da Beira Alta ir\u00e3o receber mais um grande evento de orienta\u00e7\u00e3o pedestre. Com organiza\u00e7\u00e3o do&nbsp;Clube de Orienta\u00e7\u00e3o de Viseu,&nbsp;C\u00e2mara Municipal do S\u00e1t\u00e3o,&nbsp;Federa\u00e7\u00e3o Portuguesa de Orienta\u00e7\u00e3o e Federa\u00e7\u00e3o Internacional de Orienta\u00e7\u00e3o, de&nbsp;20 a 22 de fevereiro de 2026, o&nbsp;S\u00e1t\u00e3o&nbsp;receber\u00e1 o&nbsp;Beira Alta O\u2019Meeting \u2013 S\u00e1t\u00e3o WRE 2026 (BEIRAOM\u201926). Um fim de semana de orienta\u00e7\u00e3o que &hellip; <\/p>\n<p class=\"link-more\"><a href=\"https:\/\/beiraom.coviseu-natura.pt\/2026\/apresentacao\/\" class=\"more-link\">Continuar a ler <span class=\"screen-reader-text\">&#8220;Apresenta\u00e7\u00e3o&#8221;<\/span><\/a><\/p>\n","protected":false},"author":4,"featured_media":0,"parent":0,"menu_order":0,"comment_status":"closed","ping_status":"closed","template":"","meta":{"footnotes":""},"class_list":["post-9","page","type-page","status-publish","hentry"],"_links":{"self":[{"href":"https:\/\/beiraom.coviseu-natura.pt\/2026\/wp-json\/wp\/v2\/pages\/9","targetHints":{"allow":["GET"]}}],"collection":[{"href":"https:\/\/beiraom.coviseu-natura.pt\/2026\/wp-json\/wp\/v2\/pages"}],"about":[{"href":"https:\/\/beiraom.coviseu-natura.pt\/2026\/wp-json\/wp\/v2\/types\/page"}],"author":[{"embeddable":true,"href":"https:\/\/beiraom.coviseu-natura.pt\/2026\/wp-json\/wp\/v2\/users\/4"}],"replies":[{"embeddable":true,"href":"https:\/\/beiraom.coviseu-natura.pt\/2026\/wp-json\/wp\/v2\/comments?post=9"}],"version-history":[{"count":17,"href":"https:\/\/beiraom.coviseu-natura.pt\/2026\/wp-json\/wp\/v2\/pages\/9\/revisions"}],"predecessor-version":[{"id":675,"href":"https:\/\/beiraom.coviseu-natura.pt\/2026\/wp-json\/wp\/v2\/pages\/9\/revisions\/675"}],"wp:attachment":[{"href":"https:\/\/beiraom.coviseu-natura.pt\/2026\/wp-json\/wp\/v2\/media?parent=9"}],"curies":[{"name":"wp","href":"https:\/\/api.w.org\/{rel}","templated":true}]}}