{"id":880,"date":"2026-02-21T21:48:00","date_gmt":"2026-02-21T21:48:00","guid":{"rendered":"https:\/\/beiraom.coviseu-natura.pt\/2026\/?page_id=880"},"modified":"2026-02-21T21:48:00","modified_gmt":"2026-02-21T21:48:00","slug":"segundo-dia-de-grandes-emocoes-no-1o-wre-do-beiraom26","status":"publish","type":"page","link":"https:\/\/beiraom.coviseu-natura.pt\/2026\/segundo-dia-de-grandes-emocoes-no-1o-wre-do-beiraom26\/","title":{"rendered":"Segundo dia de grandes emo\u00e7\u00f5es no 1\u00ba WRE do BEIRAOM&#8217;26"},"content":{"rendered":"\n<p>O Beira Alta O\u2019Meeting \u2013 S\u00e1t\u00e3o 2026 (BEIRAOM) come\u00e7ou com intensidade m\u00e1xima e grandes presta\u00e7\u00f5es nas categorias de elite, confirmando o n\u00edvel internacional desta etapa WRE.<\/p>\n\n\n\n<p>\ud83e\udd47 M21E<br>A vit\u00f3ria foi para Loke Hedberg, com o tempo de 33:28.<br>O p\u00f3dio ficou completo com:<br>\ud83e\udd48 Svante Selin (+0:37)<br>\ud83e\udd49 Aleksi Sorsa (+0:40)<\/p>\n\n\n\n<p>Logo atr\u00e1s, numa luta muito apertada:<br>4\ufe0f\u20e3 Mikko Eerola (+1:16)<br>5\ufe0f\u20e3 Elias Kuukka (+1:55)<\/p>\n\n\n\n<p>Diferen\u00e7as curtas e uma classifica\u00e7\u00e3o muito compacta prometem emo\u00e7\u00e3o amanh\u00e3.<\/p>\n\n\n\n<p>\ud83e\udd47 W21E<br>No setor feminino, venceu Veera Klemettinen com 37:47.<br>Completaram o top 5:<br>\ud83e\udd48 Alva Bj\u00f6rk (+1:05)<br>\ud83e\udd49 Annika Gautschi Simonse (+1:17)<br>4\ufe0f\u20e3 Maiju Oksanen (+1:22)<br>5\ufe0f\u20e3 Enni Jalava (+3:56)<\/p>\n\n\n\n<p>Um primeiro dia marcado por elevada exig\u00eancia t\u00e9cnica e diferen\u00e7as m\u00ednimas entre as melhores atletas.<\/p>\n\n\n\n<p>A competi\u00e7\u00e3o continua amanh\u00e3 nas florestas de S\u00e1t\u00e3o.<\/p>\n\n\n\n<p><\/p>\n","protected":false},"excerpt":{"rendered":"<p>O Beira Alta O\u2019Meeting \u2013 S\u00e1t\u00e3o 2026 (BEIRAOM) come\u00e7ou com intensidade m\u00e1xima e grandes presta\u00e7\u00f5es nas categorias de elite, confirmando o n\u00edvel internacional desta etapa WRE. \ud83e\udd47 M21EA vit\u00f3ria foi para Loke Hedberg, com o tempo de 33:28.O p\u00f3dio ficou completo com:\ud83e\udd48 Svante Selin (+0:37)\ud83e\udd49 Aleksi Sorsa (+0:40) Logo atr\u00e1s, numa luta muito apertada:4\ufe0f\u20e3 Mikko &hellip; <\/p>\n<p class=\"link-more\"><a href=\"https:\/\/beiraom.coviseu-natura.pt\/2026\/segundo-dia-de-grandes-emocoes-no-1o-wre-do-beiraom26\/\" class=\"more-link\">Continuar a ler <span class=\"screen-reader-text\">&#8220;Segundo dia de grandes emo\u00e7\u00f5es no 1\u00ba WRE do BEIRAOM&#8217;26&#8221;<\/span><\/a><\/p>\n","protected":false},"author":1,"featured_media":0,"parent":0,"menu_order":0,"comment_status":"closed","ping_status":"closed","template":"","meta":{"footnotes":""},"class_list":["post-880","page","type-page","status-publish","hentry"],"_links":{"self":[{"href":"https:\/\/beiraom.coviseu-natura.pt\/2026\/wp-json\/wp\/v2\/pages\/880","targetHints":{"allow":["GET"]}}],"collection":[{"href":"https:\/\/beiraom.coviseu-natura.pt\/2026\/wp-json\/wp\/v2\/pages"}],"about":[{"href":"https:\/\/beiraom.coviseu-natura.pt\/2026\/wp-json\/wp\/v2\/types\/page"}],"author":[{"embeddable":true,"href":"https:\/\/beiraom.coviseu-natura.pt\/2026\/wp-json\/wp\/v2\/users\/1"}],"replies":[{"embeddable":true,"href":"https:\/\/beiraom.coviseu-natura.pt\/2026\/wp-json\/wp\/v2\/comments?post=880"}],"version-history":[{"count":1,"href":"https:\/\/beiraom.coviseu-natura.pt\/2026\/wp-json\/wp\/v2\/pages\/880\/revisions"}],"predecessor-version":[{"id":881,"href":"https:\/\/beiraom.coviseu-natura.pt\/2026\/wp-json\/wp\/v2\/pages\/880\/revisions\/881"}],"wp:attachment":[{"href":"https:\/\/beiraom.coviseu-natura.pt\/2026\/wp-json\/wp\/v2\/media?parent=880"}],"curies":[{"name":"wp","href":"https:\/\/api.w.org\/{rel}","templated":true}]}}