{"id":859,"date":"2026-02-21T05:02:48","date_gmt":"2026-02-21T05:02:48","guid":{"rendered":"https:\/\/beiraom.coviseu-natura.pt\/2026\/?page_id=859"},"modified":"2026-03-06T21:42:09","modified_gmt":"2026-03-06T21:42:09","slug":"informacao-ao-vivo","status":"publish","type":"page","link":"https:\/\/beiraom.coviseu-natura.pt\/2026\/informacao-ao-vivo\/","title":{"rendered":"Informa\u00e7\u00f5es ao vivo"},"content":{"rendered":"\n<h2 class=\"wp-block-heading\">Listas de Partidas<\/h2>\n\n\n\n<h4 class=\"wp-block-heading\">E1 &#8211; Sexta, 20 Fevereiro &#8211; Warm-up Race<\/h4>\n\n\n\n<p><a href=\"https:\/\/www.tictactiming.pt\/eventos\/2026\/0221_Satao\/Start_clubs_warmup.html\">Clubes<\/a><br><a href=\"https:\/\/www.tictactiming.pt\/eventos\/2026\/0221_Satao\/Start_class_warmup.html\">Escal\u00f5es<\/a><\/p>\n\n\n\n<h4 class=\"wp-block-heading\">E2 &#8211; S\u00e1bado, 21 Fevereiro &#8211; Dist\u00e2ncia M\u00e9dia WRE \u2013 Sr. dos Caminhos Oeste<\/h4>\n\n\n\n<p><a href=\"https:\/\/www.tictactiming.pt\/eventos\/2026\/0221_Satao\/Start_class_day1.html\">Escal\u00f5es<\/a><br><a href=\"https:\/\/www.tictactiming.pt\/eventos\/2026\/0221_Satao\/Start_class_day1_wre.html\">Elite WRE<\/a><\/p>\n\n\n\n<h4 class=\"wp-block-heading\">E3 &#8211; Domingo, 22 Fevereiro &#8211; Dist\u00e2ncia M\u00e9dia WRE \u2013 Sr. dos Caminhos Este<\/h4>\n\n\n\n<p><a href=\"https:\/\/www.tictactiming.pt\/eventos\/2026\/0221_Satao\/Start_class_day2.html\">Escal\u00f5es<\/a><br><a href=\"https:\/\/www.tictactiming.pt\/eventos\/2026\/0221_Satao\/Start_class_day2_wre.html\">Elite WRE<\/a><\/p>\n\n\n\n<p><a href=\"https:\/\/www.tictactiming.pt\/eventos\/2026\/0221_Satao\/Start_clubs.html\">Clubes<\/a><\/p>\n\n\n\n<h2 class=\"wp-block-heading\">Resultados ao Vivo<\/h2>\n\n\n\n<p><a href=\"https:\/\/www.tictactiming.pt\/eventos\/2026\/0221_Satao\/PR_warmup.html\">E1 &#8211; Sexta, 20 Fevereiro &#8211; Warm-up Race<\/a><br><a href=\"https:\/\/www.tictactiming.pt\/eventos\/2026\/0221_Satao\/PR_sat.html\">E2 &#8211; S\u00e1bado, 21 Fevereiro &#8211; Dist\u00e2ncia M\u00e9dia WRE<\/a><br><a href=\"https:\/\/www.tictactiming.pt\/eventos\/2026\/0221_Satao\/PR_sun.html\">E3 &#8211; Domingo, 22 Fevereiro &#8211; Distancia M\u00e9dia WRE<\/a><\/p>\n\n\n\n<h2 class=\"wp-block-heading\">Resultados Oficiais<\/h2>\n\n\n\n<h4 class=\"wp-block-heading\">E1 &#8211; Sexta, 20 Fevereiro &#8211; Warm-up Race<\/h4>\n\n\n\n<p><a href=\"https:\/\/www.tictactiming.pt\/eventos\/2026\/0221_Satao\/OR_warmup.html\">Todos os escal\u00f5es<\/a><br><a href=\"https:\/\/www.tictactiming.pt\/eventos\/2026\/0221_Satao\/Splits_warmup.html\">Parciais<\/a><\/p>\n\n\n\n<h4 class=\"wp-block-heading\">E2 &#8211; S\u00e1bado, 21 Fevereiro &#8211; Dist\u00e2ncia M\u00e9dia WRE <\/h4>\n\n\n\n<p><a href=\"https:\/\/www.tictactiming.pt\/eventos\/2026\/0221_Satao\/OR_sat.html\">Todos os escal\u00f5es<\/a><br><a href=\"https:\/\/www.tictactiming.pt\/eventos\/2026\/0221_Satao\/OR_sat_wre.html\">Elite WRE<\/a><br><a href=\"https:\/\/www.tictactiming.pt\/eventos\/2026\/0221_Satao\/Splits_sat.html\">Parciais<\/a><\/p>\n\n\n\n<h4 class=\"wp-block-heading\">E3 &#8211; Domingo, 22 Fevereiro &#8211; Dist\u00e2ncia M\u00e9dia WRE<\/h4>\n\n\n\n<p><a href=\"https:\/\/www.tictactiming.pt\/eventos\/2026\/0221_Satao\/OR_sun.html\">Todos os escal\u00f5es<\/a><br><a href=\"https:\/\/www.tictactiming.pt\/eventos\/2026\/0221_Satao\/OR_sun_wre.html\">Elite WRE<\/a><br><a href=\"https:\/\/www.tictactiming.pt\/eventos\/2026\/0221_Satao\/Splits_sun.html\">Parciais<\/a><\/p>\n\n\n\n<h4 class=\"wp-block-heading\">Somat\u00f3rio Etapas<\/h4>\n\n\n\n<p><a href=\"https:\/\/www.tictactiming.pt\/eventos\/2026\/0221_Satao\/class_pontos.html\">Todos os escal\u00f5es<\/a><br><a href=\"https:\/\/www.tictactiming.pt\/eventos\/2026\/0221_Satao\/Resultados_clubes.html\">Clubes<\/a><\/p>\n\n\n\n<h2 class=\"wp-block-heading\">Livelox<\/h2>\n\n\n\n<p><a href=\"https:\/\/www.livelox.com\/Events\/Show\/180182\/Beira-Alta-O-Meeting-2026-Satao-Warm-up\">Sexta-feira<br><\/a><a href=\"http:\/\/s\u00e1bado: https:\/\/www.livelox.com\/Events\/Show\/180183\/Beira-Alta-O-Meeting-2025-Satao-WRE-Saturday\">S\u00e1bado<\/a><br><a href=\"https:\/\/www.livelox.com\/Admin\/Events\/Overview\/180230\">Domingo<\/a><\/p>\n\n\n\n<h2 class=\"wp-block-heading\">Fotos<\/h2>\n\n\n\n<p><a href=\"https:\/\/www.facebook.com\/photo\/?fbid=1518606723600159&amp;set=pcb.1518615673599264\">TicTac<\/a><\/p>\n","protected":false},"excerpt":{"rendered":"<p>Listas de Partidas E1 &#8211; Sexta, 20 Fevereiro &#8211; Warm-up Race ClubesEscal\u00f5es E2 &#8211; S\u00e1bado, 21 Fevereiro &#8211; Dist\u00e2ncia M\u00e9dia WRE \u2013 Sr. dos Caminhos Oeste Escal\u00f5esElite WRE E3 &#8211; Domingo, 22 Fevereiro &#8211; Dist\u00e2ncia M\u00e9dia WRE \u2013 Sr. dos Caminhos Este Escal\u00f5esElite WRE Clubes Resultados ao Vivo E1 &#8211; Sexta, 20 Fevereiro &#8211; Warm-up &hellip; <\/p>\n<p class=\"link-more\"><a href=\"https:\/\/beiraom.coviseu-natura.pt\/2026\/informacao-ao-vivo\/\" class=\"more-link\">Continuar a ler <span class=\"screen-reader-text\">&#8220;Informa\u00e7\u00f5es ao vivo&#8221;<\/span><\/a><\/p>\n","protected":false},"author":1,"featured_media":0,"parent":0,"menu_order":0,"comment_status":"closed","ping_status":"closed","template":"","meta":{"footnotes":""},"class_list":["post-859","page","type-page","status-publish","hentry"],"_links":{"self":[{"href":"https:\/\/beiraom.coviseu-natura.pt\/2026\/wp-json\/wp\/v2\/pages\/859","targetHints":{"allow":["GET"]}}],"collection":[{"href":"https:\/\/beiraom.coviseu-natura.pt\/2026\/wp-json\/wp\/v2\/pages"}],"about":[{"href":"https:\/\/beiraom.coviseu-natura.pt\/2026\/wp-json\/wp\/v2\/types\/page"}],"author":[{"embeddable":true,"href":"https:\/\/beiraom.coviseu-natura.pt\/2026\/wp-json\/wp\/v2\/users\/1"}],"replies":[{"embeddable":true,"href":"https:\/\/beiraom.coviseu-natura.pt\/2026\/wp-json\/wp\/v2\/comments?post=859"}],"version-history":[{"count":7,"href":"https:\/\/beiraom.coviseu-natura.pt\/2026\/wp-json\/wp\/v2\/pages\/859\/revisions"}],"predecessor-version":[{"id":906,"href":"https:\/\/beiraom.coviseu-natura.pt\/2026\/wp-json\/wp\/v2\/pages\/859\/revisions\/906"}],"wp:attachment":[{"href":"https:\/\/beiraom.coviseu-natura.pt\/2026\/wp-json\/wp\/v2\/media?parent=859"}],"curies":[{"name":"wp","href":"https:\/\/api.w.org\/{rel}","templated":true}]}}