{"id":43,"date":"2025-02-09T15:31:38","date_gmt":"2025-02-09T15:31:38","guid":{"rendered":"https:\/\/beiraom.coviseu-natura.pt\/2025\/?page_id=43"},"modified":"2025-11-15T22:54:12","modified_gmt":"2025-11-15T22:54:12","slug":"inscricoes-2","status":"publish","type":"page","link":"https:\/\/beiraom.coviseu-natura.pt\/2026\/inscricoes-2\/","title":{"rendered":"Inscri\u00e7\u00f5es"},"content":{"rendered":"\n<h2 class=\"wp-block-heading\"><strong>Como efetuar a inscri\u00e7\u00e3o?<\/strong><\/h2>\n\n\n\n<p>&#8211; <strong>Inscri\u00e7\u00e3o Online (m\u00e9todo preferencial): <\/strong>&nbsp;<a href=\"https:\/\/www.orioasis.pt\/oasis\/events.php?action=event_view_info&amp;eventid=3142\" target=\"_blank\" rel=\"noreferrer noopener\">OriOASIS<\/a>, quer se tratem de atletas federados ou n\u00e3o federados.<br>&#8211; <strong>Via email: <\/strong><a href=\"mailto:inscricoes@beiraom.coviseu-natura.pt\" target=\"_blank\" rel=\"noreferrer noopener\">inscricoes@beiraom.coviseu-natura.pt<\/a><\/p>\n\n\n\n<p><strong>Dados obrigat\u00f3rios para inscri\u00e7\u00e3o (individual ou em grupo) via e-mail:<\/strong><br>&#8211; Nome(s) do(s) participante(s)<br>&#8211; Data(s) de nascimento<br>&#8211; Nome do Clube\/Equipa<br>&#8211; N\u00ba de filiado na <strong>FPO se Federado<\/strong> <strong>OU<\/strong> o <strong>n\u00ba de Passaporte\/Bilhete de Identidade + NIF caso n\u00e3o seja federado<\/strong><br>&#8211; N\u00ba do SI Card, caso tenha um. Na aus\u00eancia deste, ser-lhe-\u00e0&nbsp;atribu\u00eddo&nbsp;um sujeito a uma taxa de inscri\u00e7\u00e3o (ver Taxas de inscri\u00e7\u00e3o)<br>&#8211; N\u00ba telem\u00f3vel e e-mail<br>&#8211; Escal\u00e3o de participa\u00e7\u00e3o<br>&#8211; Etapas em que se pretende inscrever<br>&#8211; Caso pretenda participar em grupo indica\u00e7\u00e3o do mesmo<\/p>\n\n\n\n<p><strong>Participa\u00e7\u00e3o em grupo<\/strong>:<br>Cada participante paga uma inscri\u00e7\u00e3o e ter\u00e1 direito a um mapa. O grupo levar\u00e1 consigo apenas um chip (SI-card). <\/p>\n\n\n\n<p><strong>Atletas de Elite<\/strong><br>Os atletas dos escal\u00f5es&nbsp; de Elite tamb\u00e9m  t\u00eam que se inscrever no IOF Eventor. Adicionalmente, \u00e9 necess\u00e1rio fornecer o n\u00famero do IOF Eventor \u00e0 organiza\u00e7\u00e3o durante o processo de inscri\u00e7\u00e3o no OriOasis. <\/p>\n\n\n\n<h2 class=\"wp-block-heading\"><em>Warm-up Race<\/em><\/h2>\n\n\n\n<table id=\"tablepress-9\" class=\"tablepress tablepress-id-9\">\n<thead>\n<tr class=\"row-1\">\n\t<th class=\"column-1\">Class<\/th><th class=\"column-2\">Age\/Gender<\/th><th class=\"column-3\">Difficulty<\/th>\n<\/tr>\n<\/thead>\n<tbody class=\"row-striping row-hover\">\n<tr class=\"row-2\">\n\t<td class=\"column-1\">Level 1<\/td><td class=\"column-2\">All <\/td><td class=\"column-3\">1<\/td>\n<\/tr>\n<tr class=\"row-3\">\n\t<td class=\"column-1\">Level 3<\/td><td class=\"column-2\">All<\/td><td class=\"column-3\">3<\/td>\n<\/tr>\n<tr class=\"row-4\">\n\t<td class=\"column-1\">Level 5<\/td><td class=\"column-2\">All<\/td><td class=\"column-3\">5<\/td>\n<\/tr>\n<tr class=\"row-5\">\n\t<td class=\"column-1\">M Elite<\/td><td class=\"column-2\">>=21 \/ M<\/td><td class=\"column-3\">6<\/td>\n<\/tr>\n<tr class=\"row-6\">\n\t<td class=\"column-1\">W Elite<\/td><td class=\"column-2\">>=21 \/ W<\/td><td class=\"column-3\">6<\/td>\n<\/tr>\n<\/tbody>\n<\/table>\n<!-- #tablepress-9 from cache -->\n\n\n\n<h2 class=\"wp-block-heading\">Escal\u00f5es de Competi\u00e7\u00e3o<\/h2>\n\n\n\n<table id=\"tablepress-1\" class=\"tablepress tablepress-id-1\">\n<thead>\n<tr class=\"row-1\">\n\t<th colspan=\"2\" class=\"column-1\"><strong><center> Middle Distance Races <\/center><\/strong><\/th>\n<\/tr>\n<\/thead>\n<tbody class=\"row-striping row-hover\">\n<tr class=\"row-2\">\n\t<td class=\"column-1\"><strong>Age at 31st of December<\/strong><\/td><td class=\"column-2\"><strong>Class<\/strong><\/td>\n<\/tr>\n<tr class=\"row-3\">\n\t<td class=\"column-1\"><=10<\/td><td class=\"column-2\">T10<\/td>\n<\/tr>\n<tr class=\"row-4\">\n\t<td class=\"column-1\">11 and 12<\/td><td class=\"column-2\">M\/W12<\/td>\n<\/tr>\n<tr class=\"row-5\">\n\t<td class=\"column-1\">13 and 14<\/td><td class=\"column-2\">M\/W14<\/td>\n<\/tr>\n<tr class=\"row-6\">\n\t<td class=\"column-1\">15 and 16<\/td><td class=\"column-2\">M\/W16<\/td>\n<\/tr>\n<tr class=\"row-7\">\n\t<td class=\"column-1\">17 and 18<\/td><td class=\"column-2\">M\/W18<\/td>\n<\/tr>\n<tr class=\"row-8\">\n\t<td class=\"column-1\">19 and 20<\/td><td class=\"column-2\">M\/W20<\/td>\n<\/tr>\n<tr class=\"row-9\">\n\t<td class=\"column-1\">>= 21<\/td><td class=\"column-2\">M Elite\/W Elite<\/td>\n<\/tr>\n<tr class=\"row-10\">\n\t<td class=\"column-1\">>= 21<\/td><td class=\"column-2\">H\/D21A<\/td>\n<\/tr>\n<tr class=\"row-11\">\n\t<td class=\"column-1\">>= 21<\/td><td class=\"column-2\">M\/W B<\/td>\n<\/tr>\n<tr class=\"row-12\">\n\t<td class=\"column-1\">35 and 39<\/td><td class=\"column-2\">M\/W35<\/td>\n<\/tr>\n<tr class=\"row-13\">\n\t<td class=\"column-1\">40 and 44<\/td><td class=\"column-2\">M\/W40<\/td>\n<\/tr>\n<tr class=\"row-14\">\n\t<td class=\"column-1\">45 and 49<\/td><td class=\"column-2\">M\/W45<\/td>\n<\/tr>\n<tr class=\"row-15\">\n\t<td class=\"column-1\">50 and 54<\/td><td class=\"column-2\">M\/W50<\/td>\n<\/tr>\n<tr class=\"row-16\">\n\t<td class=\"column-1\">55 and 59<\/td><td class=\"column-2\">M\/W55<\/td>\n<\/tr>\n<tr class=\"row-17\">\n\t<td class=\"column-1\">60 and 64<\/td><td class=\"column-2\">M\/W60<\/td>\n<\/tr>\n<tr class=\"row-18\">\n\t<td class=\"column-1\">65 and 69<\/td><td class=\"column-2\">M\/W65<\/td>\n<\/tr>\n<tr class=\"row-19\">\n\t<td class=\"column-1\">70 and 74<\/td><td class=\"column-2\">M\/W70<\/td>\n<\/tr>\n<tr class=\"row-20\">\n\t<td class=\"column-1\">75 and 79<\/td><td class=\"column-2\">M\/W75<\/td>\n<\/tr>\n<tr class=\"row-21\">\n\t<td class=\"column-1\">80 and 85<\/td><td class=\"column-2\">M\/W80<\/td>\n<\/tr>\n<tr class=\"row-22\">\n\t<td class=\"column-1\">>=85<\/td><td class=\"column-2\">M\/W85<\/td>\n<\/tr>\n<\/tbody>\n<\/table>\n<!-- #tablepress-1 from cache -->\n\n\n\n<h2 class=\"wp-block-heading\">Escal\u00f5es Abertos<\/h2>\n\n\n\n<table id=\"tablepress-2\" class=\"tablepress tablepress-id-2\">\n<thead>\n<tr class=\"row-1\">\n\t<th class=\"column-1\">Escal\u00f5es Abertos<\/th><th class=\"column-2\">Qualuer idade, sexo, individual ou em grupo<\/th>\n<\/tr>\n<\/thead>\n<tbody class=\"row-striping row-hover\">\n<tr class=\"row-2\">\n\t<td class=\"column-1\">Branco<\/td><td class=\"column-2\">Percursos com 2 a 4 km, at\u00e9 40 minutos de execu\u00e7\u00e3o com utiliza\u00e7\u00e3o de refer\u00eancias lineares de f\u00e1cil identifica\u00e7\u00e3o, preferencialmente caminhos, sem dificuldade t\u00e9cnica. N\u00e3o s\u00e3o necess\u00e1rios conhecimentos na modalidade nem resist\u00eancia f\u00edsica. \u00c9 uma grande oportunidade para um passeio na floresta.<\/td>\n<\/tr>\n<tr class=\"row-3\">\n\t<td class=\"column-1\">Verde<\/td><td class=\"column-2\">Percurso com 3 a 5 km, at\u00e9 60 minutos de execu\u00e7\u00e3o, exigindo algumas t\u00e9cnicas de orienta\u00e7\u00e3o, com m\u00e9dia dificuldade t\u00e9cnica e de baixa exig\u00eancia f\u00edsica.<\/td>\n<\/tr>\n<tr class=\"row-4\">\n\t<td class=\"column-1\">Amarelo<\/td><td class=\"column-2\">Percursos com 4 a 6 km, com tempo de execu\u00e7\u00e3o inferior aos 60 minutos, por recurso a elementos lineares, com baixa dificuldade t\u00e9cnica e de baixa n\u00edvel f\u00edsico.<\/td>\n<\/tr>\n<tr class=\"row-5\">\n\t<td class=\"column-1\">Vermelho<\/td><td class=\"column-2\">execu\u00e7\u00e3o previsto inferior a 80 minutos, exigindo diversas t\u00e9cnicas de orienta\u00e7\u00e3o, com exig\u00eancia f\u00edsica m\u00e9dia alta e que tem, tamb\u00e9m por objetivo, a participa\u00e7\u00e3o na prova de atletas federados que n\u00e3o se tenham inscrito dentro dos prazos fixados ou a possibilidade da realiza\u00e7\u00e3o de percursos mais exigentes por parte de atletas, pares ou grupos, n\u00e3o federados.<\/td>\n<\/tr>\n<\/tbody>\n<\/table>\n<!-- #tablepress-2 from cache -->\n\n\n\n<h2 class=\"wp-block-heading\">Taxas de inscri\u00e7\u00e3o<\/h2>\n\n\n\n<table id=\"tablepress-3\" class=\"tablepress tablepress-id-3 tbody-has-connected-cells\">\n<thead>\n<tr class=\"row-1\">\n\t<th colspan=\"6\" class=\"column-1\"><center>Fees<\/center><\/th>\n<\/tr>\n<\/thead>\n<tbody class=\"row-striping row-hover\">\n<tr class=\"row-2\">\n\t<td rowspan=\"2\" class=\"column-1\"><strong>Type of Classes<\/strong><\/td><td rowspan=\"2\" class=\"column-2\"><strong>Age<\/strong><\/td><td rowspan=\"2\" class=\"column-3\"><strong>Deadline<\/strong><\/td><td colspan=\"2\" class=\"column-4\"><strong><center>Competition Races <\/center><\/strong><\/td><td class=\"column-6\"><strong><center>Model Event <\/center><\/strong><\/td>\n<\/tr>\n<tr class=\"row-3\">\n\t<td class=\"column-4\">FPO &amp; FEDO Athletes<\/td><td class=\"column-5\">Remain Athletes <sup>1<\/sup><\/td><td rowspan=\"10\" class=\"column-6\">6\u20ac<\/td>\n<\/tr>\n<tr class=\"row-4\">\n\t<td rowspan=\"4\" class=\"column-1\">Competition<\/td><td rowspan=\"2\" class=\"column-2\"><= 20 years old<\/td><td class=\"column-3\">Until 31st December<\/td><td class=\"column-4\">5,00\u20ac<\/td><td class=\"column-5\">11,00\u20ac<\/td>\n<\/tr>\n<tr class=\"row-5\">\n\t<td class=\"column-3\">From 01\/01 to 08\/02<\/td><td class=\"column-4\">5,50\u20ac<\/td><td class=\"column-5\">12,00\u20ac<\/td>\n<\/tr>\n<tr class=\"row-6\">\n\t<td rowspan=\"2\" class=\"column-2\">>= 21 years old<\/td><td class=\"column-3\">Until 31st December<\/td><td class=\"column-4\">9,00\u20ac<\/td><td class=\"column-5\">19,00\u20ac<\/td>\n<\/tr>\n<tr class=\"row-7\">\n\t<td class=\"column-3\">From 01\/01 to 08\/02<\/td><td class=\"column-4\">10,00\u20ac<\/td><td class=\"column-5\">20,00\u20ac<\/td>\n<\/tr>\n<tr class=\"row-8\">\n\t<td rowspan=\"4\" class=\"column-1\">Open<\/td><td rowspan=\"2\" class=\"column-2\"><= 20 years old<\/td><td class=\"column-3\">Until 31st December<\/td><td class=\"column-4\">5,00\u20ac<\/td><td class=\"column-5\">5,50\u20ac<\/td>\n<\/tr>\n<tr class=\"row-9\">\n\t<td class=\"column-3\">Until the race day <sup>2<\/sup><\/td><td class=\"column-4\">5,50\u20ac<\/td><td class=\"column-5\">6,00\u20ac<\/td>\n<\/tr>\n<tr class=\"row-10\">\n\t<td rowspan=\"2\" class=\"column-2\">>= 21 years old<\/td><td class=\"column-3\">Until 31st December<\/td><td class=\"column-4\">9,00\u20ac<\/td><td class=\"column-5\">10,00\u20ac<\/td>\n<\/tr>\n<tr class=\"row-11\">\n\t<td class=\"column-3\">Until the race day <sup>2<\/sup><\/td><td class=\"column-4\">10,00\u20ac<\/td><td class=\"column-5\">11,00\u20ac<\/td>\n<\/tr>\n<tr class=\"row-12\">\n\t<td class=\"column-1\">Other<\/td><td class=\"column-2\">School Sports<sup>3<\/sup><\/td><td class=\"column-3\">Until 8th February<\/td><td class=\"column-4\">3,00\u20ac<\/td><td class=\"column-5\">3,00\u20ac<\/td>\n<\/tr>\n<\/tbody>\n<\/table>\n<!-- #tablepress-3 from cache -->\n\n\n\n<p>*1: Inclui seguro desportivo (2\u20ac)<br>*2: Sujeito \u00e0 disponibilidade de mapas<br>*3: Necess\u00e1rio prova de seguro de desporto escolar<br><strong>Nota: <\/strong>Aluguer SI-Card Rental: 2,00\u20ac\/dia (ou 5,00\u20ac\/dia SI Air) &#8211; para escal\u00f5es de competi\u00e7\u00e3o e forma\u00e7\u00e3o. Gr\u00e1tis para escal\u00f5es abertos<\/p>\n\n\n\n<h2 class=\"wp-block-heading\">Pagamento<\/h2>\n\n\n\n<p>O pagamento deve ser feito <strong>at\u00e9 ao \u00faltimo dia de inscri\u00e7\u00f5es (dia 08\/02\/2026) <\/strong>atrav\u00e9s de um dos seguintes meios:<br>&#8211; Visa \/ Mastercard<br>&#8211; Paypal<br>&#8211; Refer\u00eancia Multibanco<br>&#8211; MB Way<br>&#8211; Transfer\u00eancia Banc\u00e1ria (ver dados em baixo) <\/p>\n\n\n\n<p><strong>BANCO: MILLENIUM BCP<\/strong><br><strong>AV. Emidio Navarro \u2013 Viseu<\/strong><br><strong>NIB: 0033 &nbsp;0000 &nbsp;0018 &nbsp;9295 &nbsp;6950 &nbsp;5<\/strong><br><strong>IBAN: PT50 0033 &nbsp;0000 &nbsp;0018 &nbsp;9295 &nbsp;6950 &nbsp;5<\/strong><\/p>\n\n\n\n<p>Ap\u00f3s transfer\u00eancia,<strong>&nbsp;enviar comprovativo (OBRIGAT\u00d3RIO)<\/strong>&nbsp;da mesma para o e-mail <a href=\"mailto:inscricoes@beiraom.coviseu-natura.pt\" target=\"_blank\" rel=\"noreferrer noopener\">inscricoes@beiraom.coviseu-natura.pt<\/a>.<\/p>\n\n\n\n<figure class=\"wp-block-image size-full\"><img loading=\"lazy\" decoding=\"async\" width=\"2048\" height=\"1792\" src=\"https:\/\/beiraom.coviseu-natura.pt\/2025\/wp-content\/uploads\/sites\/2\/2025\/02\/381061634_807063934754445_4674383862901261494_n.jpg\" alt=\"\" class=\"wp-image-265\" srcset=\"https:\/\/beiraom.coviseu-natura.pt\/2026\/wp-content\/uploads\/sites\/2\/2025\/02\/381061634_807063934754445_4674383862901261494_n.jpg 2048w, https:\/\/beiraom.coviseu-natura.pt\/2026\/wp-content\/uploads\/sites\/2\/2025\/02\/381061634_807063934754445_4674383862901261494_n-300x263.jpg 300w, https:\/\/beiraom.coviseu-natura.pt\/2026\/wp-content\/uploads\/sites\/2\/2025\/02\/381061634_807063934754445_4674383862901261494_n-1024x896.jpg 1024w, https:\/\/beiraom.coviseu-natura.pt\/2026\/wp-content\/uploads\/sites\/2\/2025\/02\/381061634_807063934754445_4674383862901261494_n-768x672.jpg 768w, https:\/\/beiraom.coviseu-natura.pt\/2026\/wp-content\/uploads\/sites\/2\/2025\/02\/381061634_807063934754445_4674383862901261494_n-1536x1344.jpg 1536w\" sizes=\"auto, (max-width: 767px) 89vw, (max-width: 1000px) 54vw, (max-width: 1071px) 543px, 580px\" \/><\/figure>\n","protected":false},"excerpt":{"rendered":"<p>Como efetuar a inscri\u00e7\u00e3o? &#8211; Inscri\u00e7\u00e3o Online (m\u00e9todo preferencial): &nbsp;OriOASIS, quer se tratem de atletas federados ou n\u00e3o federados.&#8211; Via email: inscricoes@beiraom.coviseu-natura.pt Dados obrigat\u00f3rios para inscri\u00e7\u00e3o (individual ou em grupo) via e-mail:&#8211; Nome(s) do(s) participante(s)&#8211; Data(s) de nascimento&#8211; Nome do Clube\/Equipa&#8211; N\u00ba de filiado na FPO se Federado OU o n\u00ba de Passaporte\/Bilhete de Identidade &hellip; <\/p>\n<p class=\"link-more\"><a href=\"https:\/\/beiraom.coviseu-natura.pt\/2026\/inscricoes-2\/\" class=\"more-link\">Continuar a ler <span class=\"screen-reader-text\">&#8220;Inscri\u00e7\u00f5es&#8221;<\/span><\/a><\/p>\n","protected":false},"author":1,"featured_media":0,"parent":0,"menu_order":0,"comment_status":"closed","ping_status":"closed","template":"","meta":{"footnotes":""},"class_list":["post-43","page","type-page","status-publish","hentry"],"_links":{"self":[{"href":"https:\/\/beiraom.coviseu-natura.pt\/2026\/wp-json\/wp\/v2\/pages\/43","targetHints":{"allow":["GET"]}}],"collection":[{"href":"https:\/\/beiraom.coviseu-natura.pt\/2026\/wp-json\/wp\/v2\/pages"}],"about":[{"href":"https:\/\/beiraom.coviseu-natura.pt\/2026\/wp-json\/wp\/v2\/types\/page"}],"author":[{"embeddable":true,"href":"https:\/\/beiraom.coviseu-natura.pt\/2026\/wp-json\/wp\/v2\/users\/1"}],"replies":[{"embeddable":true,"href":"https:\/\/beiraom.coviseu-natura.pt\/2026\/wp-json\/wp\/v2\/comments?post=43"}],"version-history":[{"count":24,"href":"https:\/\/beiraom.coviseu-natura.pt\/2026\/wp-json\/wp\/v2\/pages\/43\/revisions"}],"predecessor-version":[{"id":549,"href":"https:\/\/beiraom.coviseu-natura.pt\/2026\/wp-json\/wp\/v2\/pages\/43\/revisions\/549"}],"wp:attachment":[{"href":"https:\/\/beiraom.coviseu-natura.pt\/2026\/wp-json\/wp\/v2\/media?parent=43"}],"curies":[{"name":"wp","href":"https:\/\/api.w.org\/{rel}","templated":true}]}}