{"id":383,"date":"2025-08-02T22:55:59","date_gmt":"2025-08-02T22:55:59","guid":{"rendered":"https:\/\/beiraom.coviseu-natura.pt\/2026\/?page_id=383"},"modified":"2026-02-17T22:58:54","modified_gmt":"2026-02-17T22:58:54","slug":"programa-2","status":"publish","type":"page","link":"https:\/\/beiraom.coviseu-natura.pt\/2026\/programa-2\/","title":{"rendered":"Programa"},"content":{"rendered":"\n<p><strong>31 de dezembro de 2025<\/strong><br><strong>23:59: <\/strong>Data limite para inscri\u00e7\u00f5es com desconto<\/p>\n\n\n\n<p><strong><s>8 <\/s>13 de fevereiro (<s>domingo<\/s>domingo)<\/strong><br><strong><strong><em>\u26a0\ufe0f\ud83c\udd95<\/em><\/strong><\/strong> <strong>23:59: <\/strong>Data limite para inscri\u00e7\u00f5es em <strong>escal\u00f5es de competi\u00e7\u00e3o. <\/strong>Inscri\u00e7\u00f5es nos percursos abertos est\u00e3o\u00a0dispon\u00edveis at\u00e9 ao dia, mas sujeito \u00e0 disponibilidade de mapas<br><br><strong>18 de fevereiro (quarta-feira)<\/strong><br><strong>23:59: <\/strong>Divulga\u00e7\u00e3o da lista de partidas<br><br><strong>20 de fevereiro (sexta-feira)<\/strong><br><strong>10:00: <\/strong>Abertura do Secretariado &#8211; Santu\u00e1rio Nosso Senhor dos Caminhos<br><strong><em>\u26a0\ufe0f\ud83c\udd95 <\/em><s>11:00<\/s>10:00-16:00: <\/strong>Model Event &#8211; S\u00e3o Matias<br><strong><em>\u26a0\ufe0f\ud83c\udd95 <\/em><s>15:00:<\/s> 12:00:<\/strong> <em>Warm-up Race<\/em> &#8211; Santu\u00e1rio Nosso Senhor dos Caminhos<br><strong>16:00<\/strong>: Fecho do secretariado<br><strong>20:00<\/strong>: Abertura do solo duro (ver <a href=\"https:\/\/beiraom.coviseu-natura.pt\/2026\/localizacoes\/\">localiza\u00e7\u00f5es<\/a>)<br><br><strong>21 de fevereiro (s\u00e1bado)<\/strong><br><strong>08:30: <\/strong>Abertura do secretariado na arena &#8211; Santu\u00e1rio Nosso Senhor dos Caminhos<br><strong>11:00: <\/strong>In\u00edcio das partidas, Dist\u00e2ncia M\u00e9dia WRE 1 &#8211; Santu\u00e1rio Nosso Senhor dos Caminhos<br><strong>12:00: <\/strong>In\u00edcio das partidas dos escal\u00f5es abertos, e de forma\u00e7\u00e3o (W\/M10 e W\/M12). O tempo de partida atribu\u00eddo \u00e9 meramente indicativo, sendo que usar\u00e3o <em>box <\/em>de <em>start<\/em>;<br><strong>15:00: <\/strong>Cerim\u00f3nia de entrega de pr\u00e9mios\u00a0WRE<br><br><strong>22 de fevereiro (domingo)<\/strong><br><strong>08:30: <\/strong>Abertura do secretariado na arena; <br><strong>09:30: <\/strong>In\u00edcio das partidas, Dist\u00e2ncia M\u00e9dia WRE 2 &#8211; local a definir<br><strong>10:00: <\/strong>In\u00edcio das partidas dos escal\u00f5es abertos, e de forma\u00e7\u00e3o (W\/M10 e W\/M12). O tempo de partida atribu\u00eddo \u00e9 meramente indicativo, sendo que usar\u00e3o <em>box <\/em>de <em>start<\/em>; <br><strong>13:30:<\/strong> Cerim\u00f3nia de entrega de pr\u00e9mios\u00a0WRE e BEIRAOM26<br><strong>16:00:<\/strong> Fecho do solo duro<br><\/p>\n\n\n\n<figure class=\"wp-block-image size-full\"><img loading=\"lazy\" decoding=\"async\" width=\"1024\" height=\"683\" src=\"https:\/\/beiraom.coviseu-natura.pt\/2026\/wp-content\/uploads\/sites\/2\/2025\/08\/image.png\" alt=\"\" class=\"wp-image-358\" srcset=\"https:\/\/beiraom.coviseu-natura.pt\/2026\/wp-content\/uploads\/sites\/2\/2025\/08\/image.png 1024w, https:\/\/beiraom.coviseu-natura.pt\/2026\/wp-content\/uploads\/sites\/2\/2025\/08\/image-300x200.png 300w, https:\/\/beiraom.coviseu-natura.pt\/2026\/wp-content\/uploads\/sites\/2\/2025\/08\/image-768x512.png 768w\" sizes=\"auto, (max-width: 767px) 89vw, (max-width: 1000px) 54vw, (max-width: 1071px) 543px, 580px\" \/><\/figure>\n","protected":false},"excerpt":{"rendered":"<p>31 de dezembro de 202523:59: Data limite para inscri\u00e7\u00f5es com desconto 8 13 de fevereiro (domingodomingo)\u26a0\ufe0f\ud83c\udd95 23:59: Data limite para inscri\u00e7\u00f5es em escal\u00f5es de competi\u00e7\u00e3o. Inscri\u00e7\u00f5es nos percursos abertos est\u00e3o\u00a0dispon\u00edveis at\u00e9 ao dia, mas sujeito \u00e0 disponibilidade de mapas 18 de fevereiro (quarta-feira)23:59: Divulga\u00e7\u00e3o da lista de partidas 20 de fevereiro (sexta-feira)10:00: Abertura do Secretariado &hellip; <\/p>\n<p class=\"link-more\"><a href=\"https:\/\/beiraom.coviseu-natura.pt\/2026\/programa-2\/\" class=\"more-link\">Continuar a ler <span class=\"screen-reader-text\">&#8220;Programa&#8221;<\/span><\/a><\/p>\n","protected":false},"author":1,"featured_media":0,"parent":0,"menu_order":0,"comment_status":"closed","ping_status":"closed","template":"","meta":{"footnotes":""},"class_list":["post-383","page","type-page","status-publish","hentry"],"_links":{"self":[{"href":"https:\/\/beiraom.coviseu-natura.pt\/2026\/wp-json\/wp\/v2\/pages\/383","targetHints":{"allow":["GET"]}}],"collection":[{"href":"https:\/\/beiraom.coviseu-natura.pt\/2026\/wp-json\/wp\/v2\/pages"}],"about":[{"href":"https:\/\/beiraom.coviseu-natura.pt\/2026\/wp-json\/wp\/v2\/types\/page"}],"author":[{"embeddable":true,"href":"https:\/\/beiraom.coviseu-natura.pt\/2026\/wp-json\/wp\/v2\/users\/1"}],"replies":[{"embeddable":true,"href":"https:\/\/beiraom.coviseu-natura.pt\/2026\/wp-json\/wp\/v2\/comments?post=383"}],"version-history":[{"count":12,"href":"https:\/\/beiraom.coviseu-natura.pt\/2026\/wp-json\/wp\/v2\/pages\/383\/revisions"}],"predecessor-version":[{"id":756,"href":"https:\/\/beiraom.coviseu-natura.pt\/2026\/wp-json\/wp\/v2\/pages\/383\/revisions\/756"}],"wp:attachment":[{"href":"https:\/\/beiraom.coviseu-natura.pt\/2026\/wp-json\/wp\/v2\/media?parent=383"}],"curies":[{"name":"wp","href":"https:\/\/api.w.org\/{rel}","templated":true}]}}