{"id":298,"date":"2025-02-16T15:26:38","date_gmt":"2025-02-16T15:26:38","guid":{"rendered":"https:\/\/beiraom.coviseu-natura.pt\/2025\/?page_id=298"},"modified":"2026-02-11T21:46:04","modified_gmt":"2026-02-11T21:46:04","slug":"localizacoes","status":"publish","type":"page","link":"https:\/\/beiraom.coviseu-natura.pt\/2026\/localizacoes\/","title":{"rendered":"Localiza\u00e7\u00f5es"},"content":{"rendered":"\n<p>&#8211; <strong>Arena (model event, warm-up, dia 1 e dia 2): <\/strong><a href=\"https:\/\/maps.app.goo.gl\/5QoTh9Gp5q3mijSD6\">40.77184, -7.64724<\/a><br><strong>&#8211; Pernoita de Caravanas:<\/strong> <a href=\"https:\/\/maps.app.goo.gl\/z5CVib9T4316jyFr8\">40.746111, -7.736944<\/a> &#8211; +informa\u00e7\u00e3o: <a href=\"https:\/\/turismodocentro.pt\/artigo\/autocaravanismo-no-centro-de-portugal\/#:~:text=SAT%C3%83O,e%20com%20proximidade%20de%20servi%C3%A7os.\">link<\/a>. Tamb\u00e9m \u00e9 poss\u00edvel estacional caravanas na arena mas n\u00e3o \u00e9 um parque oficial para caravanas. <br><strong>&#8211; Solo Duro<\/strong>: Escola E.B. 2, 3 de Ferreira de Aves <a href=\"https:\/\/maps.app.goo.gl\/a1HKN7Qybhkq88Xx8\">40.79472, -7.69632 <\/a><\/p>\n\n\n\n<p class=\"has-vivid-red-color has-text-color has-link-color wp-elements-b416e8253615070c5c8bf230baa0fb8f\"><strong>Nota<\/strong>: O model event foi mudado de S. Matias para o mesmo local das restantes etapas. <\/p>\n\n\n\n<iframe loading=\"lazy\" src=\"https:\/\/www.google.com\/maps\/d\/u\/2\/embed?mid=1JCr9FtqwEnRIILS8ENLjzKZurYmzpyo&#038;ehbc=2E312F\" width=\"640\" height=\"480\"><\/iframe>\n\n\n\n<p><br><\/p>\n\n\n\n<p><\/p>\n","protected":false},"excerpt":{"rendered":"<p>&#8211; Arena (model event, warm-up, dia 1 e dia 2): 40.77184, -7.64724&#8211; Pernoita de Caravanas: 40.746111, -7.736944 &#8211; +informa\u00e7\u00e3o: link. Tamb\u00e9m \u00e9 poss\u00edvel estacional caravanas na arena mas n\u00e3o \u00e9 um parque oficial para caravanas. &#8211; Solo Duro: Escola E.B. 2, 3 de Ferreira de Aves 40.79472, -7.69632 Nota: O model event foi mudado de &hellip; <\/p>\n<p class=\"link-more\"><a href=\"https:\/\/beiraom.coviseu-natura.pt\/2026\/localizacoes\/\" class=\"more-link\">Continuar a ler <span class=\"screen-reader-text\">&#8220;Localiza\u00e7\u00f5es&#8221;<\/span><\/a><\/p>\n","protected":false},"author":1,"featured_media":0,"parent":0,"menu_order":0,"comment_status":"closed","ping_status":"closed","template":"","meta":{"footnotes":""},"class_list":["post-298","page","type-page","status-publish","hentry"],"_links":{"self":[{"href":"https:\/\/beiraom.coviseu-natura.pt\/2026\/wp-json\/wp\/v2\/pages\/298","targetHints":{"allow":["GET"]}}],"collection":[{"href":"https:\/\/beiraom.coviseu-natura.pt\/2026\/wp-json\/wp\/v2\/pages"}],"about":[{"href":"https:\/\/beiraom.coviseu-natura.pt\/2026\/wp-json\/wp\/v2\/types\/page"}],"author":[{"embeddable":true,"href":"https:\/\/beiraom.coviseu-natura.pt\/2026\/wp-json\/wp\/v2\/users\/1"}],"replies":[{"embeddable":true,"href":"https:\/\/beiraom.coviseu-natura.pt\/2026\/wp-json\/wp\/v2\/comments?post=298"}],"version-history":[{"count":9,"href":"https:\/\/beiraom.coviseu-natura.pt\/2026\/wp-json\/wp\/v2\/pages\/298\/revisions"}],"predecessor-version":[{"id":668,"href":"https:\/\/beiraom.coviseu-natura.pt\/2026\/wp-json\/wp\/v2\/pages\/298\/revisions\/668"}],"wp:attachment":[{"href":"https:\/\/beiraom.coviseu-natura.pt\/2026\/wp-json\/wp\/v2\/media?parent=298"}],"curies":[{"name":"wp","href":"https:\/\/api.w.org\/{rel}","templated":true}]}}